{"id":19,"date":"2020-07-31T15:20:29","date_gmt":"2020-07-31T19:20:29","guid":{"rendered":"https:\/\/www.cliniquemedicalesaintejulie.ca\/?page_id=19"},"modified":"2024-06-04T11:44:57","modified_gmt":"2024-06-04T15:44:57","slug":"nos-services","status":"publish","type":"page","link":"https:\/\/www.cliniquemedicalesaintejulie.ca\/fr\/nos-services\/","title":{"rendered":"Nos services"},"content":{"rendered":"<section class=\"main-container\">\n<div class=\"container\">\n<div class=\"row\">\n<div class=\"col-md-12\">\n<div class=\"lc-block text-center\">\n<div editable=\"rich\">\n<h1>Services<\/h1>\n<\/p><\/div>\n<\/p><\/div>\n<p><!-- \/lc-block --><\/p>\n<div class=\"lc-block\">\n<div lc-helper=\"shortcode\" class=\"live-shortcode\"><div class=\"services-page\"><div class=\"service\" id=\"service-78\"><h3 class=\"service-name more\" data-toggle=\"collapse\" data-target=\"#service-content-78\" aria expanded=\"true\" aria-controls=\"service-content-78\">Suivis de grossesse<\/h3><div class=\"service-content panel-collapse collapse show\" id=\"service-content-78\"><div class=\"service-content-div\"><!-- wp:list -->\n<ul><li>Service offert pour toutes les patientes d\u00e9sirant une prise en charge de leur grossesse \u00e0 Sainte-Julie.<\/li><li>Dre Liliane Desgroseilliers, affili\u00e9e \u00e0 l'H\u00f4pital Pierre-Boucher de Longueuil<\/li><li>T\u00e9l\u00e9phonez d\u00e8s le d\u00e9but de votre grossesse. Pour prendre rendez-vous, nous joindre au (450) 649-1593, poste 2<\/li><\/ul>\n<!-- \/wp:list -->\n\n<!-- wp:paragraph -->\n<p><\/p>\n<!-- \/wp:paragraph --><\/div><\/div><\/div><div class=\"service\" id=\"service-81\"><h3 class=\"service-name more collapsed\" data-toggle=\"collapse\" data-target=\"#service-content-81\" aria expanded=\"false\" aria-controls=\"service-content-81\">Suivis p\u00e9diatriques 0-5 ans<\/h3><div class=\"service-content panel-collapse collapse\" id=\"service-content-81\"><div class=\"service-content-div\"><!-- wp:list -->\n<ul><li>Service offert uniquement pour les patients inscrits au GMF Sainte-Julie.<\/li><li>Pour les Dre Desgroseilliers, Dre St-Onge, Dre H\u00e9bert, Dre L\u00e9tourneau et Dre Langlois, nous joindre au (450) 649-1593, poste 2<\/li><li>Pour les Dre L\u00e9vesque, Dr Plante et Dr Lachapelle, nous joindre au (450) 649-1593, poste 3<\/li><\/ul>\n<!-- \/wp:list --><\/div><\/div><\/div><div class=\"service\" id=\"service-87\"><h3 class=\"service-name more collapsed\" data-toggle=\"collapse\" data-target=\"#service-content-87\" aria expanded=\"false\" aria-controls=\"service-content-87\">Suivis des maladies chroniques<\/h3><div class=\"service-content panel-collapse collapse\" id=\"service-content-87\"><div class=\"service-content-div\"><!-- wp:list -->\n<ul><li>Diab\u00e8te<\/li><li>Hypertension art\u00e9rielle<\/li><li>Dyslipid\u00e9mie<\/li><li>Troubles cognitifs<\/li><li>TDAH\/TDA<\/li><li>Service offert uniquement pour les patients inscrits au GMF Sainte-Julie. Discuter avec votre m\u00e9decin de famille lors d'une consultation ult\u00e9rieure.<\/li><\/ul>\n<!-- \/wp:list --><\/div><\/div><\/div><div class=\"service\" id=\"service-90\"><h3 class=\"service-name more collapsed\" data-toggle=\"collapse\" data-target=\"#service-content-90\" aria expanded=\"false\" aria-controls=\"service-content-90\">Clinique d'urgence<\/h3><div class=\"service-content panel-collapse collapse\" id=\"service-content-90\"><div class=\"service-content-div\"><!-- wp:paragraph -->\n<p>Pour toutes urgences \u00e0 Sainte-Julie et les environs, cliquez <a href=\"https:\/\/rvsq.gouv.qc.ca\/accueil\/index.html\" target=\"_blank\" rel=\"noreferrer noopener nofollow\">ici<\/a><\/p>\n<!-- \/wp:paragraph --><\/div><\/div><\/div><div class=\"service\" id=\"service-102\"><h3 class=\"service-name more collapsed\" data-toggle=\"collapse\" data-target=\"#service-content-102\" aria expanded=\"false\" aria-controls=\"service-content-102\">Vasectomie<\/h3><div class=\"service-content panel-collapse collapse\" id=\"service-content-102\"><div class=\"service-content-div\"><!-- wp:paragraph -->\n<p>Proc\u00e9dure<\/p>\n<!-- \/wp:paragraph -->\n\n<!-- wp:list -->\n<ul><li>Assister \u00e0 une s\u00e9ance d'informations en groupe \u00e0 Sainte-Julie<\/li><li>Apr\u00e8s la s\u00e9ance, il y aura un examen physique avec le m\u00e9decin en vue de l'intervention<\/li><li>Pour prendre rendez-vous, nous joindre au (450) 649-1593, poste 3<\/li><\/ul>\n<!-- \/wp:list --><\/div><\/div><\/div><div class=\"service\" id=\"service-108\"><h3 class=\"service-name more collapsed\" data-toggle=\"collapse\" data-target=\"#service-content-108\" aria expanded=\"false\" aria-controls=\"service-content-108\">Rendez-vous en acc\u00e8s adapt\u00e9<\/h3><div class=\"service-content panel-collapse collapse\" id=\"service-content-108\"><div class=\"service-content-div\"><!-- wp:list -->\n<ul><li>Service offert uniquement pour les patients inscrits au GMF Sainte-Julie.<\/li><li>Pour prendre rendez-vous rapidement avec votre m\u00e9decin de famille de la Clinique M\u00e9dicale Sainte-Julie.<\/li><\/ul>\n<!-- \/wp:list --><\/div><\/div><\/div><div class=\"service\" id=\"service-111\"><h3 class=\"service-name more collapsed\" data-toggle=\"collapse\" data-target=\"#service-content-111\" aria expanded=\"false\" aria-controls=\"service-content-111\">Traitement \u00e0 l'azote<\/h3><div class=\"service-content panel-collapse collapse\" id=\"service-content-111\"><div class=\"service-content-div\"><!-- wp:paragraph -->\n<p>Service offert uniquement pour les patients inscrits au GMF Sainte-Julie. Discuter avec votre m\u00e9decin de famille lors d'une consultation ult\u00e9rieure.<\/p>\n<!-- \/wp:paragraph --><\/div><\/div><\/div><div class=\"service\" id=\"service-114\"><h3 class=\"service-name more collapsed\" data-toggle=\"collapse\" data-target=\"#service-content-114\" aria expanded=\"false\" aria-controls=\"service-content-114\">Vaccin d\u00e9sensibilisation<\/h3><div class=\"service-content panel-collapse collapse\" id=\"service-content-114\"><div class=\"service-content-div\"><!-- wp:paragraph -->\n<p>Pour prendre rendez-vous, contactez la Clinique M\u00e9dicale Sainte-Julie au (450) 649-1593, poste 4<br>Service offert uniquement pour les patients inscrits au GMF Sainte-Julie.<\/p>\n<!-- \/wp:paragraph --><\/div><\/div><\/div><div class=\"service\" id=\"service-117\"><h3 class=\"service-name more collapsed\" data-toggle=\"collapse\" data-target=\"#service-content-117\" aria expanded=\"false\" aria-controls=\"service-content-117\">Prise de sang priv\u00e9e (Laboratoire Biron)<\/h3><div class=\"service-content panel-collapse collapse\" id=\"service-content-117\"><div class=\"service-content-div\"><!-- wp:paragraph -->\n<p><a href=\"https:\/\/www.biron.com\/fr\/\" target=\"_blank\" rel=\"noreferrer noopener nofollow\">biron.com<\/a><\/p>\n<!-- \/wp:paragraph -->\n\n<!-- wp:image {\"id\":244,\"sizeSlug\":\"large\",\"linkDestination\":\"custom\"} -->\n<figure class=\"wp-block-image size-large\"><a href=\"https:\/\/www.biron.com\/fr\/\" target=\"_blank\" rel=\"noopener\"><img loading=\"lazy\" decoding=\"async\" width=\"300\" height=\"109\" src=\"https:\/\/www.cliniquemedicalesaintejulie.ca\/wp-content\/uploads\/2021\/05\/logo-biron.jpg\" alt=\"\" class=\"wp-image-244\"\/><\/a><\/figure>\n<!-- \/wp:image --><\/div><\/div><\/div><div class=\"service\" id=\"service-211\"><h3 class=\"service-name more collapsed\" data-toggle=\"collapse\" data-target=\"#service-content-211\" aria expanded=\"false\" aria-controls=\"service-content-211\">Oralis Clinique dentaire<\/h3><div class=\"service-content panel-collapse collapse\" id=\"service-content-211\"><div class=\"service-content-div\"><!-- wp:paragraph -->\n<p><a href=\"https:\/\/oralis.ca\" target=\"_blank\" rel=\"noopener\">oralis.ca<\/a><br>(450) 649-5611<\/p>\n<!-- \/wp:paragraph -->\n\n<!-- wp:image {\"id\":246,\"sizeSlug\":\"large\",\"linkDestination\":\"custom\"} -->\n<figure class=\"wp-block-image size-large\"><a href=\"https:\/\/oralis.ca\" target=\"_blank\" rel=\"noopener\"><img loading=\"lazy\" decoding=\"async\" width=\"300\" height=\"107\" src=\"https:\/\/www.cliniquemedicalesaintejulie.ca\/wp-content\/uploads\/2021\/05\/oralis-logo.png\" alt=\"\" class=\"wp-image-246\"\/><\/a><\/figure>\n<!-- \/wp:image --><\/div><\/div><\/div><div class=\"service\" id=\"service-212\"><h3 class=\"service-name more collapsed\" data-toggle=\"collapse\" data-target=\"#service-content-212\" aria expanded=\"false\" aria-controls=\"service-content-212\">Physioth\u00e9rapie Le Sommet<\/h3><div class=\"service-content panel-collapse collapse\" id=\"service-content-212\"><div class=\"service-content-div\"><!-- wp:paragraph -->\n<p><a href=\"https:\/\/www.physiolesommet.ca\" target=\"_blank\" rel=\"noopener\">www.physiolesommet.ca<\/a><br>(450) 649-2593<\/p>\n<!-- \/wp:paragraph -->\n\n<!-- wp:image {\"id\":248,\"sizeSlug\":\"large\",\"linkDestination\":\"custom\"} -->\n<figure class=\"wp-block-image size-large\"><a href=\"https:\/\/www.physiolesommet.ca\" target=\"_blank\" rel=\"noopener\"><img loading=\"lazy\" decoding=\"async\" width=\"291\" height=\"173\" src=\"https:\/\/www.cliniquemedicalesaintejulie.ca\/wp-content\/uploads\/2021\/05\/physiolesommet-logo.png\" alt=\"\" class=\"wp-image-248\"\/><\/a><\/figure>\n<!-- \/wp:image --><\/div><\/div><\/div><div class=\"service\" id=\"service-213\"><h3 class=\"service-name more collapsed\" data-toggle=\"collapse\" data-target=\"#service-content-213\" aria expanded=\"false\" aria-controls=\"service-content-213\">Consultations avec M\u00e9decins sp\u00e9cialistes<\/h3><div class=\"service-content panel-collapse collapse\" id=\"service-content-213\"><div class=\"service-content-div\"><!-- wp:paragraph -->\n<p>Chirurgie g\u00e9n\u00e9rale<\/p>\n<!-- \/wp:paragraph -->\n\n<!-- wp:list -->\n<ul><li>Service offert \u00e0 tous, mais avec une r\u00e9f\u00e9rence d'un m\u00e9decin.<\/li><\/ul>\n<!-- \/wp:list -->\n\n<!-- wp:paragraph -->\n<p>Cardiologie<\/p>\n<!-- \/wp:paragraph -->\n\n<!-- wp:list -->\n<ul><li>Service offert uniquement pour les patients inscrits au GMF Sainte-Julie. Discuter avec votre m\u00e9decin de famille lors d'une consultation ult\u00e9rieure.<\/li><\/ul>\n<!-- \/wp:list -->\n\n<!-- wp:paragraph -->\n<p>Endocrinologie<\/p>\n<!-- \/wp:paragraph -->\n\n<!-- wp:list -->\n<ul><li>Service offert uniquement pour les patients inscrits au GMF Sainte-Julie. Discuter avec votre m\u00e9decin de famille lors d'une consultation ult\u00e9rieure.<\/li><\/ul>\n<!-- \/wp:list -->\n\n<!-- wp:paragraph -->\n<p>Psychiatrie<\/p>\n<!-- \/wp:paragraph -->\n\n<!-- wp:list -->\n<ul><li>Service offert uniquement pour les patients inscrits au GMF Sainte-Julie. Discuter avec votre m\u00e9decin de famille lors d'une consultation ult\u00e9rieure<\/li><\/ul>\n<!-- \/wp:list -->\n\n<!-- wp:paragraph -->\n<p>Gyn\u00e9cologie-obst\u00e9trique<\/p>\n<!-- \/wp:paragraph -->\n\n<!-- wp:list -->\n<ul><li>Service offert \u00e0 tous, mais avec une r\u00e9f\u00e9rence d'un m\u00e9decin.<\/li><\/ul>\n<!-- \/wp:list -->\n\n<!-- wp:paragraph -->\n<p>M\u00e9decine interne<\/p>\n<!-- \/wp:paragraph -->\n\n<!-- wp:list -->\n<ul><li>Service offert \u00e0 tous, mais avec une r\u00e9f\u00e9rence d\u2019un m\u00e9decin.<\/li><\/ul>\n<!-- \/wp:list -->\n\n<!-- wp:paragraph -->\n<p>Neurologie<\/p>\n<!-- \/wp:paragraph -->\n\n<!-- wp:list -->\n<ul><li>Service offert \u00e0 tous, mais avec une r\u00e9f\u00e9rence d'un m\u00e9decin par le CRDS.<\/li><\/ul>\n<!-- \/wp:list --><\/div><\/div><\/div><div class=\"service\" id=\"service-215\"><h3 class=\"service-name more collapsed\" data-toggle=\"collapse\" data-target=\"#service-content-215\" aria expanded=\"false\" aria-controls=\"service-content-215\">Infiltration de cortisone<\/h3><div class=\"service-content panel-collapse collapse\" id=\"service-content-215\"><div class=\"service-content-div\"><!-- wp:paragraph -->\n<p>Service offert uniquement pour les patients inscrits au GMF Sainte-Julie. Discuter avec votre m\u00e9decin de famille lors d'une consultation ult\u00e9rieure.<\/p>\n<!-- \/wp:paragraph --><\/div><\/div><\/div><div class=\"service\" id=\"service-216\"><h3 class=\"service-name more collapsed\" data-toggle=\"collapse\" data-target=\"#service-content-216\" aria expanded=\"false\" aria-controls=\"service-content-216\">Unit\u00e9 psychosociale<\/h3><div class=\"service-content panel-collapse collapse\" id=\"service-content-216\"><div class=\"service-content-div\"><!-- wp:paragraph -->\n<p>Service offert uniquement pour les patients inscrits au GMF Sainte-Julie. Discuter avec votre m\u00e9decin de famille lors d'une consultation ult\u00e9rieure.<\/p>\n<!-- \/wp:paragraph --><\/div><\/div><\/div><div class=\"service\" id=\"service-223\"><h3 class=\"service-name more collapsed\" data-toggle=\"collapse\" data-target=\"#service-content-223\" aria expanded=\"false\" aria-controls=\"service-content-223\">Pharmacie Guillaume David et Nicolas Provost<\/h3><div class=\"service-content panel-collapse collapse\" id=\"service-content-223\"><div class=\"service-content-div\"><!-- wp:paragraph -->\n<p><a href=\"https:\/\/www.brunet.ca\" target=\"_blank\" rel=\"noopener\">www.brunet.ca<\/a><br>(450) 922-9222<\/p>\n<!-- \/wp:paragraph -->\n\n<!-- wp:image {\"id\":250,\"sizeSlug\":\"large\",\"linkDestination\":\"custom\"} -->\n<figure class=\"wp-block-image size-large\"><a href=\"https:\/\/www.brunet.ca\" target=\"_blank\" rel=\"noopener\"><img loading=\"lazy\" decoding=\"async\" width=\"300\" height=\"94\" src=\"https:\/\/www.cliniquemedicalesaintejulie.ca\/wp-content\/uploads\/2021\/05\/brunet-logo.png\" alt=\"\" class=\"wp-image-250\"\/><\/a><\/figure>\n<!-- \/wp:image --><\/div><\/div><\/div><\/div><\/div>\n<\/p><\/div>\n<p><!-- \/lc-block -->\n\t\t\t<\/div>\n<p><!-- \/col -->\n\t\t<\/div>\n<\/p><\/div>\n<\/section>\n","protected":false},"excerpt":{"rendered":"<p>Services<\/p>\n","protected":false},"author":1,"featured_media":0,"parent":0,"menu_order":0,"comment_status":"closed","ping_status":"closed","template":"","meta":{"footnotes":""},"class_list":["post-19","page","type-page","status-publish","hentry"],"_links":{"self":[{"href":"https:\/\/www.cliniquemedicalesaintejulie.ca\/fr\/wp-json\/wp\/v2\/pages\/19","targetHints":{"allow":["GET"]}}],"collection":[{"href":"https:\/\/www.cliniquemedicalesaintejulie.ca\/fr\/wp-json\/wp\/v2\/pages"}],"about":[{"href":"https:\/\/www.cliniquemedicalesaintejulie.ca\/fr\/wp-json\/wp\/v2\/types\/page"}],"author":[{"embeddable":true,"href":"https:\/\/www.cliniquemedicalesaintejulie.ca\/fr\/wp-json\/wp\/v2\/users\/1"}],"replies":[{"embeddable":true,"href":"https:\/\/www.cliniquemedicalesaintejulie.ca\/fr\/wp-json\/wp\/v2\/comments?post=19"}],"version-history":[{"count":2,"href":"https:\/\/www.cliniquemedicalesaintejulie.ca\/fr\/wp-json\/wp\/v2\/pages\/19\/revisions"}],"predecessor-version":[{"id":157,"href":"https:\/\/www.cliniquemedicalesaintejulie.ca\/fr\/wp-json\/wp\/v2\/pages\/19\/revisions\/157"}],"wp:attachment":[{"href":"https:\/\/www.cliniquemedicalesaintejulie.ca\/fr\/wp-json\/wp\/v2\/media?parent=19"}],"curies":[{"name":"wp","href":"https:\/\/api.w.org\/{rel}","templated":true}]}}