{"id":2,"date":"2020-07-31T18:16:38","date_gmt":"2020-07-31T18:16:38","guid":{"rendered":"https:\/\/www.cliniquemedicalesaintejulie.ca\/?page_id=2"},"modified":"2024-09-26T12:49:09","modified_gmt":"2024-09-26T16:49:09","slug":"accueil","status":"publish","type":"page","link":"https:\/\/www.cliniquemedicalesaintejulie.ca\/fr\/","title":{"rendered":"Accueil"},"content":{"rendered":"<section class=\"h1-container\">\n<div class=\"container\">\n<div class=\"row\">\n<div class=\"col-12 col-lg-8 col-xxl-7 mx-auto mr-xl-0\">\n<div class=\"h1-div\">\n<div class=\"lc-block\">\n<div editable=\"rich\">\n<h1>Clinique M\u00e9dicale Sainte-Julie<\/h1>\n<\/p><\/div>\n<\/p><\/div>\n<p><!-- \/lc-block --><br \/>\n\t\t\t\t\t<!-- \/lc-block --><\/p>\n<div class=\"lc-block\">\n\t\t\t\t\t\t<!--\n\n<div lc-helper=\"shortcode\" class=\"live-shortcode\">[contact_btn class=\"contact btn gray\"]Prendre rendez-vous[\/contact_btn]<\/div>\n\n-->\n\t\t\t\t\t<\/div>\n<p><!-- \/lc-block -->\n\t\t\t\t<\/div>\n<\/p><\/div>\n<p><!-- \/col -->\n\t\t<\/div>\n<\/p><\/div>\n<\/section>\n<section class=\"links-container\">\n<div class=\"container-fluid\">\n<div class=\"row\">\n<div class=\"col-md-12\">\n<div class=\"lc-block\">\n<div lc-helper=\"shortcode\" class=\"live-shortcode\"><div class=\"row justify-content-center no-gutters\"><div class=\"col-12 col-sm-6 col-lg col-xxl-auto\"><a href=\"https:\/\/www.cliniquemedicalesaintejulie.ca\/fr\/rendez-vous\/\" class=\"oneLink text-center\"><img decoding=\"async\" src=\"https:\/\/www.cliniquemedicalesaintejulie.ca\/wp-content\/themes\/yannickweb-child\/assets\/images\/calendar.svg\" class=\"\" alt=\"\"><noscript><img decoding=\"async\" src=\"https:\/\/www.cliniquemedicalesaintejulie.ca\/wp-content\/themes\/yannickweb-child\/assets\/images\/calendar.svg\" class=\"\" alt=\"\"><\/noscript>Prise <br\/>de rendez-vous<\/a><\/div><div class=\"col-12 col-sm-6 col-lg col-xxl-auto\"><a href=\"https:\/\/www.cliniquemedicalesaintejulie.ca\/fr\/faq\/\" class=\"oneLink text-center\"><img decoding=\"async\" src=\"https:\/\/www.cliniquemedicalesaintejulie.ca\/wp-content\/themes\/yannickweb-child\/assets\/images\/question.svg\" class=\"\" alt=\"\"><noscript><img decoding=\"async\" src=\"https:\/\/www.cliniquemedicalesaintejulie.ca\/wp-content\/themes\/yannickweb-child\/assets\/images\/question.svg\" class=\"\" alt=\"\"><\/noscript>Question <br\/>et r\u00e9ponses<\/a><\/div><div class=\"col-12 col-sm-6 col-lg col-xxl-auto\"><a href=\"https:\/\/www.cliniquemedicalesaintejulie.ca\/fr\/capsules-sante\/\" class=\"oneLink text-center\"><img decoding=\"async\" src=\"https:\/\/www.cliniquemedicalesaintejulie.ca\/wp-content\/themes\/yannickweb-child\/assets\/images\/video.svg\" class=\"\" alt=\"\"><noscript><img decoding=\"async\" src=\"https:\/\/www.cliniquemedicalesaintejulie.ca\/wp-content\/themes\/yannickweb-child\/assets\/images\/video.svg\" class=\"\" alt=\"\"><\/noscript>Capsules <br\/>sant\u00e9<\/a><\/div><div class=\"col-12 col-sm-6 col-lg col-xxl-auto\"><a href=\"https:\/\/www.cliniquemedicalesaintejulie.ca\/fr\/notre-equipe\/\" class=\"oneLink text-center\"><img decoding=\"async\" src=\"https:\/\/www.cliniquemedicalesaintejulie.ca\/wp-content\/themes\/yannickweb-child\/assets\/images\/team.svg\" class=\"\" alt=\"\"><noscript><img decoding=\"async\" src=\"https:\/\/www.cliniquemedicalesaintejulie.ca\/wp-content\/themes\/yannickweb-child\/assets\/images\/team.svg\" class=\"\" alt=\"\"><\/noscript>Notre <br\/>\u00e9quipe<\/a><\/div><div class=\"col-12 col-sm-6 col-lg col-xxl-auto\"><a href=\"https:\/\/www.cliniquemedicalesaintejulie.ca\/fr\/recrutement-nouveaux-medecins\/\" class=\"oneLink text-center oneLinkBoldBg\"><img decoding=\"async\" src=\"https:\/\/www.cliniquemedicalesaintejulie.ca\/wp-content\/themes\/yannickweb-child\/assets\/images\/outil-medical-stethoscope.png\" class=\"\" alt=\"\"><noscript><img decoding=\"async\" src=\"https:\/\/www.cliniquemedicalesaintejulie.ca\/wp-content\/themes\/yannickweb-child\/assets\/images\/outil-medical-stethoscope.png\" class=\"\" alt=\"\"><\/noscript>Recrutement <br>nouveaux<br> m\u00e9decins<\/a><\/div><\/div><\/div>\n<\/p><\/div>\n<p><!-- \/lc-block -->\n\t\t\t<\/div>\n<p><!-- \/col -->\n\t\t<\/div>\n<\/p><\/div>\n<\/section>\n<section class=\"main-container\">\n<div class=\"container\">\n<div class=\"row\">\n<div class=\"col-lg-6 col-xxl-5\">\n<div class=\"lc-block main-text\">\n<div editable=\"rich\">\n<h2>CLINIQUE M\u00c9DICALE SAINTE-JULIE POUR DES SOINS M\u00c9DICAUX DE QUALIT\u00c9 \u00c0 SAINTE-JULIE<\/h2>\n<p>Notre mission : Assurer \u00e0 la population de Sainte-Julie un service m\u00e9dical de premi\u00e8re ligne de qualit\u00e9 tout en pratiquant la profession dans un environnement agr\u00e9able.<\/p>\n<p>La Clinique M\u00e9dicale de Sainte-Julie a \u00e9t\u00e9 fond\u00e9e en 1978 et est devenue le GMF Marguerite D&rsquo;Youville en 2012. Suite \u00e0 l&rsquo;arriv\u00e9e de nouveaux propri\u00e9taires, des travaux d&rsquo;agrandissement et d&rsquo;am\u00e9lioration ont permis de donner un nouveau visage \u00e0 la Clinique M\u00e9dicale de Sainte-Julie, afin d&rsquo;offrir une augmentation de la couverture m\u00e9dicale, faisant de celle-ci, en 2014, le plus grand GMF du territoire Pierre-Boucher. Le 1er octobre 2018, la clinique est devenue le GMF Sainte-Julie.<\/p>\n<\/p><\/div>\n<\/p><\/div>\n<p><!-- \/lc-block --><br \/>\n\t\t\t\t<!-- \/lc-block -->\n\t\t\t<\/div>\n<p><!-- \/col --><\/p>\n<div class=\"col-lg-6 ml-auto\">\n<div class=\"lc-block main-side-img\"><\/div>\n<p><!-- \/lc-block -->\n\t\t\t<\/div>\n<p><!-- \/col -->\n\t\t<\/div>\n<\/p><\/div>\n<\/section>\n<section>\n<div lc-helper=\"shortcode\" class=\"live-shortcode\"><div class=\"services-list-container text-center\"><div class=\"container\"><div class=\"row justify-content-center\"><div class=\"col-12\"><h4>Services<\/h4><\/div><div class=\"col-auto\"><a href=\"https:\/\/www.cliniquemedicalesaintejulie.ca\/fr\/nos-services\/\" class=\"one-service\"><div class=\"service-img\"><img loading=\"lazy\" decoding=\"async\" width=\"252\" height=\"292\" src=\"https:\/\/www.cliniquemedicalesaintejulie.ca\/wp-content\/uploads\/2020\/08\/rendez-vous-en-acces-adatpe1.jpg\" class=\"attachment-full size-full wp-post-image\" alt=\"\" srcset=\"https:\/\/www.cliniquemedicalesaintejulie.ca\/wp-content\/uploads\/2020\/08\/rendez-vous-en-acces-adatpe1.jpg 252w, https:\/\/www.cliniquemedicalesaintejulie.ca\/wp-content\/uploads\/2020\/08\/rendez-vous-en-acces-adatpe1-169x196.jpg 169w\" sizes=\"auto, (max-width: 252px) 100vw, 252px\" \/><\/div><p>Rendez-vous en acc\u00e8s adapt\u00e9<\/p><\/a><\/div><div class=\"col-auto\"><a href=\"https:\/\/www.cliniquemedicalesaintejulie.ca\/fr\/nos-services\/\" class=\"one-service\"><div class=\"service-img\"><img loading=\"lazy\" decoding=\"async\" width=\"252\" height=\"292\" src=\"https:\/\/www.cliniquemedicalesaintejulie.ca\/wp-content\/uploads\/2020\/08\/Clinique-durgence-1.jpg\" class=\"attachment-full size-full wp-post-image\" alt=\"\" srcset=\"https:\/\/www.cliniquemedicalesaintejulie.ca\/wp-content\/uploads\/2020\/08\/Clinique-durgence-1.jpg 252w, https:\/\/www.cliniquemedicalesaintejulie.ca\/wp-content\/uploads\/2020\/08\/Clinique-durgence-1-169x196.jpg 169w\" sizes=\"auto, (max-width: 252px) 100vw, 252px\" \/><\/div><p>Clinique d'urgence<\/p><\/a><\/div><div class=\"col-auto\"><a href=\"https:\/\/www.cliniquemedicalesaintejulie.ca\/fr\/nos-services\/\" class=\"one-service\"><div class=\"service-img\"><img loading=\"lazy\" decoding=\"async\" width=\"252\" height=\"292\" src=\"https:\/\/www.cliniquemedicalesaintejulie.ca\/wp-content\/uploads\/2020\/08\/Suivis-pediatriques-1.jpg\" class=\"attachment-full size-full wp-post-image\" alt=\"\" srcset=\"https:\/\/www.cliniquemedicalesaintejulie.ca\/wp-content\/uploads\/2020\/08\/Suivis-pediatriques-1.jpg 252w, https:\/\/www.cliniquemedicalesaintejulie.ca\/wp-content\/uploads\/2020\/08\/Suivis-pediatriques-1-169x196.jpg 169w\" sizes=\"auto, (max-width: 252px) 100vw, 252px\" \/><\/div><p>Suivis p\u00e9diatriques 0-5 ans<\/p><\/a><\/div><div class=\"col-auto\"><a href=\"https:\/\/www.cliniquemedicalesaintejulie.ca\/fr\/nos-services\/\" class=\"one-service\"><div class=\"service-img\"><img loading=\"lazy\" decoding=\"async\" width=\"252\" height=\"292\" src=\"https:\/\/www.cliniquemedicalesaintejulie.ca\/wp-content\/uploads\/2020\/08\/suivis-de-grossesse.jpg\" class=\"attachment-full size-full wp-post-image\" alt=\"\" srcset=\"https:\/\/www.cliniquemedicalesaintejulie.ca\/wp-content\/uploads\/2020\/08\/suivis-de-grossesse.jpg 252w, https:\/\/www.cliniquemedicalesaintejulie.ca\/wp-content\/uploads\/2020\/08\/suivis-de-grossesse-169x196.jpg 169w\" sizes=\"auto, (max-width: 252px) 100vw, 252px\" \/><\/div><p>Suivis de grossesse<\/p><\/a><\/div><div class=\"col-auto\"><a href=\"https:\/\/www.cliniquemedicalesaintejulie.ca\/fr\/nos-services\/\" class=\"one-service\"><div class=\"service-img\"><img loading=\"lazy\" decoding=\"async\" width=\"252\" height=\"292\" src=\"https:\/\/www.cliniquemedicalesaintejulie.ca\/wp-content\/uploads\/2020\/08\/suivis-des-maladies-chroniques.jpg\" class=\"attachment-full size-full wp-post-image\" alt=\"\" srcset=\"https:\/\/www.cliniquemedicalesaintejulie.ca\/wp-content\/uploads\/2020\/08\/suivis-des-maladies-chroniques.jpg 252w, https:\/\/www.cliniquemedicalesaintejulie.ca\/wp-content\/uploads\/2020\/08\/suivis-des-maladies-chroniques-169x196.jpg 169w\" sizes=\"auto, (max-width: 252px) 100vw, 252px\" \/><\/div><p>Suivis des maladies chroniques<\/p><\/a><\/div><div class=\"col-auto\"><a href=\"https:\/\/www.cliniquemedicalesaintejulie.ca\/fr\/nos-services\/\" class=\"one-service\"><div class=\"service-img\"><img loading=\"lazy\" decoding=\"async\" width=\"252\" height=\"292\" src=\"https:\/\/www.cliniquemedicalesaintejulie.ca\/wp-content\/uploads\/2021\/04\/Medecins-specialistes-1.jpg\" class=\"attachment-full size-full wp-post-image\" alt=\"\" srcset=\"https:\/\/www.cliniquemedicalesaintejulie.ca\/wp-content\/uploads\/2021\/04\/Medecins-specialistes-1.jpg 252w, https:\/\/www.cliniquemedicalesaintejulie.ca\/wp-content\/uploads\/2021\/04\/Medecins-specialistes-1-169x196.jpg 169w\" sizes=\"auto, (max-width: 252px) 100vw, 252px\" \/><\/div><p>Consultations avec M\u00e9decins sp\u00e9cialistes<\/p><\/a><\/div><div class=\"col-auto\"><a href=\"https:\/\/www.cliniquemedicalesaintejulie.ca\/fr\/nos-services\/\" class=\"one-service\"><div class=\"service-img\"><img loading=\"lazy\" decoding=\"async\" width=\"252\" height=\"292\" src=\"https:\/\/www.cliniquemedicalesaintejulie.ca\/wp-content\/uploads\/2020\/08\/traitement-a-lazote.jpg\" class=\"attachment-full size-full wp-post-image\" alt=\"\" srcset=\"https:\/\/www.cliniquemedicalesaintejulie.ca\/wp-content\/uploads\/2020\/08\/traitement-a-lazote.jpg 252w, https:\/\/www.cliniquemedicalesaintejulie.ca\/wp-content\/uploads\/2020\/08\/traitement-a-lazote-169x196.jpg 169w\" sizes=\"auto, (max-width: 252px) 100vw, 252px\" \/><\/div><p>Traitement \u00e0 l'azote<\/p><\/a><\/div><div class=\"col-auto\"><a href=\"https:\/\/www.cliniquemedicalesaintejulie.ca\/fr\/nos-services\/\" class=\"one-service\"><div class=\"service-img\"><img loading=\"lazy\" decoding=\"async\" width=\"252\" height=\"279\" src=\"https:\/\/www.cliniquemedicalesaintejulie.ca\/wp-content\/uploads\/2020\/08\/vasectomie.jpg\" class=\"attachment-full size-full wp-post-image\" alt=\"\" srcset=\"https:\/\/www.cliniquemedicalesaintejulie.ca\/wp-content\/uploads\/2020\/08\/vasectomie.jpg 252w, https:\/\/www.cliniquemedicalesaintejulie.ca\/wp-content\/uploads\/2020\/08\/vasectomie-177x196.jpg 177w\" sizes=\"auto, (max-width: 252px) 100vw, 252px\" \/><\/div><p>Vasectomie<\/p><\/a><\/div><div class=\"col-auto\"><a href=\"https:\/\/www.cliniquemedicalesaintejulie.ca\/fr\/nos-services\/\" class=\"one-service\"><div class=\"service-img\"><img loading=\"lazy\" decoding=\"async\" width=\"252\" height=\"292\" src=\"https:\/\/www.cliniquemedicalesaintejulie.ca\/wp-content\/uploads\/2020\/08\/vaccin-desensibilation.jpg\" class=\"attachment-full size-full wp-post-image\" alt=\"\" srcset=\"https:\/\/www.cliniquemedicalesaintejulie.ca\/wp-content\/uploads\/2020\/08\/vaccin-desensibilation.jpg 252w, https:\/\/www.cliniquemedicalesaintejulie.ca\/wp-content\/uploads\/2020\/08\/vaccin-desensibilation-169x196.jpg 169w\" sizes=\"auto, (max-width: 252px) 100vw, 252px\" \/><\/div><p>Vaccin d\u00e9sensibilisation<\/p><\/a><\/div><div class=\"col-auto\"><a href=\"https:\/\/www.cliniquemedicalesaintejulie.ca\/fr\/nos-services\/\" class=\"one-service\"><div class=\"service-img\"><img loading=\"lazy\" decoding=\"async\" width=\"252\" height=\"293\" src=\"https:\/\/www.cliniquemedicalesaintejulie.ca\/wp-content\/uploads\/2021\/04\/infiltration-cortisone.jpg\" class=\"attachment-full size-full wp-post-image\" alt=\"\" srcset=\"https:\/\/www.cliniquemedicalesaintejulie.ca\/wp-content\/uploads\/2021\/04\/infiltration-cortisone.jpg 252w, https:\/\/www.cliniquemedicalesaintejulie.ca\/wp-content\/uploads\/2021\/04\/infiltration-cortisone-169x196.jpg 169w\" sizes=\"auto, (max-width: 252px) 100vw, 252px\" \/><\/div><p>Infiltration de cortisone<\/p><\/a><\/div><div class=\"col-auto\"><a href=\"https:\/\/www.cliniquemedicalesaintejulie.ca\/fr\/nos-services\/\" class=\"one-service\"><div class=\"service-img\"><img loading=\"lazy\" decoding=\"async\" width=\"252\" height=\"292\" src=\"https:\/\/www.cliniquemedicalesaintejulie.ca\/wp-content\/uploads\/2021\/04\/Unite-psychosociale-1.jpg\" class=\"attachment-full size-full wp-post-image\" alt=\"\" srcset=\"https:\/\/www.cliniquemedicalesaintejulie.ca\/wp-content\/uploads\/2021\/04\/Unite-psychosociale-1.jpg 252w, https:\/\/www.cliniquemedicalesaintejulie.ca\/wp-content\/uploads\/2021\/04\/Unite-psychosociale-1-169x196.jpg 169w\" sizes=\"auto, (max-width: 252px) 100vw, 252px\" \/><\/div><p>Unit\u00e9 psychosociale<\/p><\/a><\/div><div class=\"col-auto\"><a href=\"https:\/\/www.cliniquemedicalesaintejulie.ca\/fr\/nos-services\/\" class=\"one-service\"><div class=\"service-img\"><img loading=\"lazy\" decoding=\"async\" width=\"252\" height=\"293\" src=\"https:\/\/www.cliniquemedicalesaintejulie.ca\/wp-content\/uploads\/2020\/08\/lab_biron.jpg\" class=\"attachment-full size-full wp-post-image\" alt=\"\" srcset=\"https:\/\/www.cliniquemedicalesaintejulie.ca\/wp-content\/uploads\/2020\/08\/lab_biron.jpg 252w, https:\/\/www.cliniquemedicalesaintejulie.ca\/wp-content\/uploads\/2020\/08\/lab_biron-169x196.jpg 169w\" sizes=\"auto, (max-width: 252px) 100vw, 252px\" \/><\/div><p>Prise de sang priv\u00e9e (Laboratoire Biron)<\/p><\/a><\/div><div class=\"col-auto\"><a href=\"https:\/\/www.cliniquemedicalesaintejulie.ca\/fr\/nos-services\/\" class=\"one-service\"><div class=\"service-img\"><img loading=\"lazy\" decoding=\"async\" width=\"252\" height=\"293\" src=\"https:\/\/www.cliniquemedicalesaintejulie.ca\/wp-content\/uploads\/2021\/04\/physiotherapie-le-sommet.jpg\" class=\"attachment-full size-full wp-post-image\" alt=\"\" srcset=\"https:\/\/www.cliniquemedicalesaintejulie.ca\/wp-content\/uploads\/2021\/04\/physiotherapie-le-sommet.jpg 252w, https:\/\/www.cliniquemedicalesaintejulie.ca\/wp-content\/uploads\/2021\/04\/physiotherapie-le-sommet-169x196.jpg 169w\" sizes=\"auto, (max-width: 252px) 100vw, 252px\" \/><\/div><p>Physioth\u00e9rapie Le Sommet<\/p><\/a><\/div><div class=\"col-auto\"><a href=\"https:\/\/www.cliniquemedicalesaintejulie.ca\/fr\/nos-services\/\" class=\"one-service\"><div class=\"service-img\"><img loading=\"lazy\" decoding=\"async\" width=\"252\" height=\"293\" src=\"https:\/\/www.cliniquemedicalesaintejulie.ca\/wp-content\/uploads\/2021\/04\/pharmacie-brunet.jpg\" class=\"attachment-full size-full wp-post-image\" alt=\"\" srcset=\"https:\/\/www.cliniquemedicalesaintejulie.ca\/wp-content\/uploads\/2021\/04\/pharmacie-brunet.jpg 252w, https:\/\/www.cliniquemedicalesaintejulie.ca\/wp-content\/uploads\/2021\/04\/pharmacie-brunet-169x196.jpg 169w\" sizes=\"auto, (max-width: 252px) 100vw, 252px\" \/><\/div><p>Pharmacie Guillaume David et Nicolas Provost<\/p><\/a><\/div><div class=\"col-auto\"><a href=\"https:\/\/www.cliniquemedicalesaintejulie.ca\/fr\/nos-services\/\" class=\"one-service\"><div class=\"service-img\"><img loading=\"lazy\" decoding=\"async\" width=\"252\" height=\"293\" src=\"https:\/\/www.cliniquemedicalesaintejulie.ca\/wp-content\/uploads\/2021\/04\/Oralis-clinique-dentaire.jpg\" class=\"attachment-full size-full wp-post-image\" alt=\"\" srcset=\"https:\/\/www.cliniquemedicalesaintejulie.ca\/wp-content\/uploads\/2021\/04\/Oralis-clinique-dentaire.jpg 252w, https:\/\/www.cliniquemedicalesaintejulie.ca\/wp-content\/uploads\/2021\/04\/Oralis-clinique-dentaire-169x196.jpg 169w\" sizes=\"auto, (max-width: 252px) 100vw, 252px\" \/><\/div><p>Oralis Clinique dentaire<\/p><\/a><\/div><\/div><\/div><\/div><\/div>\n<\/section>\n<p><!--\n\n<section>\n\t\n\n<div lc-helper=\"shortcode\" class=\"live-shortcode\">[home_popup]<\/div>\n\n\n<\/section>\n\n--><\/p>\n","protected":false},"excerpt":{"rendered":"<p>Clinique M\u00e9dicale Sainte-Julie CLINIQUE M\u00c9DICALE SAINTE-JULIE POUR DES SOINS M\u00c9DICAUX DE QUALIT\u00c9 \u00c0 SAINTE-JULIE Notre mission : Assurer \u00e0 la population de Sainte-Julie un service m\u00e9dical de premi\u00e8re ligne de qualit\u00e9 tout en pratiquant la profession dans un environnement agr\u00e9able. La Clinique M\u00e9dicale de Sainte-Julie a \u00e9t\u00e9 fond\u00e9e en 1978 et est devenue le GMF [&hellip;]<\/p>\n","protected":false},"author":1,"featured_media":0,"parent":0,"menu_order":0,"comment_status":"closed","ping_status":"closed","template":"","meta":{"footnotes":""},"class_list":["post-2","page","type-page","status-publish","hentry"],"_links":{"self":[{"href":"https:\/\/www.cliniquemedicalesaintejulie.ca\/fr\/wp-json\/wp\/v2\/pages\/2","targetHints":{"allow":["GET"]}}],"collection":[{"href":"https:\/\/www.cliniquemedicalesaintejulie.ca\/fr\/wp-json\/wp\/v2\/pages"}],"about":[{"href":"https:\/\/www.cliniquemedicalesaintejulie.ca\/fr\/wp-json\/wp\/v2\/types\/page"}],"author":[{"embeddable":true,"href":"https:\/\/www.cliniquemedicalesaintejulie.ca\/fr\/wp-json\/wp\/v2\/users\/1"}],"replies":[{"embeddable":true,"href":"https:\/\/www.cliniquemedicalesaintejulie.ca\/fr\/wp-json\/wp\/v2\/comments?post=2"}],"version-history":[{"count":39,"href":"https:\/\/www.cliniquemedicalesaintejulie.ca\/fr\/wp-json\/wp\/v2\/pages\/2\/revisions"}],"predecessor-version":[{"id":324,"href":"https:\/\/www.cliniquemedicalesaintejulie.ca\/fr\/wp-json\/wp\/v2\/pages\/2\/revisions\/324"}],"wp:attachment":[{"href":"https:\/\/www.cliniquemedicalesaintejulie.ca\/fr\/wp-json\/wp\/v2\/media?parent=2"}],"curies":[{"name":"wp","href":"https:\/\/api.w.org\/{rel}","templated":true}]}}