{"id":328,"date":"2025-02-07T09:57:11","date_gmt":"2025-02-07T14:57:11","guid":{"rendered":"https:\/\/www.cliniquemedicalesaintejulie.ca\/?page_id=328"},"modified":"2025-10-28T14:11:09","modified_gmt":"2025-10-28T18:11:09","slug":"recrutement-nouveaux-medecins","status":"publish","type":"page","link":"https:\/\/www.cliniquemedicalesaintejulie.ca\/fr\/recrutement-nouveaux-medecins\/","title":{"rendered":"Recrutement nouveaux m\u00e9decins"},"content":{"rendered":"<section class=\"main-container\">\n<div class=\"container\">\n<div class=\"row\">\n<div class=\"col-md-12\">\n<div class=\"lc-block text-center\">\n<div editable=\"rich\">\n<h1>Recrutement nouveaux m\u00e9decins<\/h1>\n<\/p><\/div>\n<\/p><\/div>\n<div class=\"lc-block\">\n<div editable=\"rich\">\n<p class=\"\">Bonjour et Bienvenue \u00e0 vous futurs m\u00e9decins!<\/p>\n<p class=\"\">Nous sommes disponibles pour vous faire visiter la clinique et r\u00e9pondre \u00e0 vos questions sur rendez-vous.<br \/>Contactez directement la gestionnaire au num\u00e9ro de la clinique au <a href=\"tel:4506491593\">450-649-1593<\/a> ou par <a href=\"javascript:sendEmail('gmfsainte-julie', 'outlook.com')\">courriel<\/a>.<\/p>\n<\/p><\/div>\n<\/p><\/div>\n<\/p><\/div>\n<\/p><\/div>\n<\/p><\/div>\n<\/section>\n","protected":false},"excerpt":{"rendered":"<p>Recrutement nouveaux m\u00e9decins Bonjour et Bienvenue \u00e0 vous futurs m\u00e9decins! Nous sommes disponibles pour vous faire visiter la clinique et r\u00e9pondre \u00e0 vos questions sur rendez-vous.Contactez directement la gestionnaire au num\u00e9ro de la clinique au 450-649-1593 ou par courriel.<\/p>\n","protected":false},"author":1,"featured_media":0,"parent":0,"menu_order":0,"comment_status":"closed","ping_status":"closed","template":"","meta":{"footnotes":""},"class_list":["post-328","page","type-page","status-publish","hentry"],"_links":{"self":[{"href":"https:\/\/www.cliniquemedicalesaintejulie.ca\/fr\/wp-json\/wp\/v2\/pages\/328","targetHints":{"allow":["GET"]}}],"collection":[{"href":"https:\/\/www.cliniquemedicalesaintejulie.ca\/fr\/wp-json\/wp\/v2\/pages"}],"about":[{"href":"https:\/\/www.cliniquemedicalesaintejulie.ca\/fr\/wp-json\/wp\/v2\/types\/page"}],"author":[{"embeddable":true,"href":"https:\/\/www.cliniquemedicalesaintejulie.ca\/fr\/wp-json\/wp\/v2\/users\/1"}],"replies":[{"embeddable":true,"href":"https:\/\/www.cliniquemedicalesaintejulie.ca\/fr\/wp-json\/wp\/v2\/comments?post=328"}],"version-history":[{"count":4,"href":"https:\/\/www.cliniquemedicalesaintejulie.ca\/fr\/wp-json\/wp\/v2\/pages\/328\/revisions"}],"predecessor-version":[{"id":362,"href":"https:\/\/www.cliniquemedicalesaintejulie.ca\/fr\/wp-json\/wp\/v2\/pages\/328\/revisions\/362"}],"wp:attachment":[{"href":"https:\/\/www.cliniquemedicalesaintejulie.ca\/fr\/wp-json\/wp\/v2\/media?parent=328"}],"curies":[{"name":"wp","href":"https:\/\/api.w.org\/{rel}","templated":true}]}}