{"id":353,"date":"2025-10-08T13:18:06","date_gmt":"2025-10-08T17:18:06","guid":{"rendered":"https:\/\/www.cliniquemedicalesaintejulie.ca\/?page_id=353"},"modified":"2026-04-24T11:20:22","modified_gmt":"2026-04-24T15:20:22","slug":"nouveaute-dans-la-prise-de-rendez-vous","status":"publish","type":"page","link":"https:\/\/www.cliniquemedicalesaintejulie.ca\/fr\/nouveaute-dans-la-prise-de-rendez-vous\/","title":{"rendered":"Nouveaut\u00e9 dans la prise de rendez-vous"},"content":{"rendered":"<section class=\"main-container\">\n<div class=\"container\">\n<div class=\"row\">\n<div class=\"col-md-12\">\n<div class=\"lc-block text-center\">\n<div editable=\"rich\">\n<h1>Nouveau fonctionnement \u00e0 la demande du Minist\u00e8re<\/h1>\n<p><em>\u00c0 la demande du Minist\u00e8re, nous devons maintenant utiliser le logiciel Navig, de la compagnie Vitr.Ai<sup>1<\/sup>, pour r\u00e9pondre aux besoins des patients qui viennent ou appellent dans nos cliniques.<\/em><\/p>\n<\/p><\/div>\n<\/p><\/div>\n<div class=\"lc-block\">\n<div editable=\"rich\">\n<hr>\n<\/p><\/div>\n<\/p><\/div>\n<div class=\"lc-block\">\n<div editable=\"rich\">\n<h2 class=\"text-center\">Qu&rsquo;est-ce que cela signifie?<\/h2>\n<p>En gros, les m\u00e9decins ne sont pas les seuls \u00ab\u00a0professionnels de la sant\u00e9\u00a0\u00bb qui peuvent vous soigner. Les infirmi\u00e8res, les pharmaciens, les travailleurs sociaux, les dentistes, les physioth\u00e9rapeutes&#8230; sont tous des gens qui peuvent \u00e9valuer et soigner plusieurs probl\u00e8mes de sant\u00e9.<\/p>\n<p>Autour de 40% des consultations m\u00e9dicales pourraient \u00eatre faits par d&rsquo;autres personnes que le m\u00e9decin ou l&rsquo;infirmi\u00e8re sp\u00e9cialis\u00e9e (IPS-PL). Mais les patients, eux, souhaitent toujours voir le m\u00e9decin en premier lieu&#8230; alors que ce n&rsquo;est souvent pas si n\u00e9cessaire. Le logiciel Navig permet \u00e0 nos secr\u00e9taires, en utilisant vos mots et en int\u00e9grant les diff\u00e9rentes comp\u00e9tences de tous les professionnels autres que le m\u00e9decin, de diriger le patient au bon endroit, au bon moment.<\/p>\n<p>\u00c0 partir du 09 octobre 2025, nos secr\u00e9taires pourront mieux vous diriger, et donner un rendez-vous en temps opportun selon la nature de votre probl\u00e8me.<br \/>\n\t\t\t\t\t\t\tCe logiciel est \u00ab\u00a0mall\u00e9able\u00a0\u00bb et est toujours \u00e0 jour sur les champs de comp\u00e9tences de tous les professionnels de la sant\u00e9. Avec l&rsquo;utilisation de l&rsquo;intelligence artificielle, nos secr\u00e9taires posent des questions qui s&rsquo;adaptent \u00e0 vos r\u00e9ponses.<\/p>\n<p>Le but? Trouver le bon professionnel et le bon \u00ab\u00a0moment\u00a0\u00bb pour la consultation, pour mieux prioriser les urgences ou semi-urgences, pour lib\u00e9rer du temps aux m\u00e9decins afin qu&rsquo;ils voient plus de patients qui sont pertinents \u00e0 voir pour eux.<br \/>\n\t\t\t\t\t\t\tEn ayant votre collaboration, on lib\u00e8re d\u00e9j\u00e0 plusieurs plages par semaine pour voir plus de patients \u00ab\u00a0pertinents\u00a0\u00bb pour le m\u00e9decin. Et mieux utiliser les comp\u00e9tences de tous les professionnels.<br \/>\n\t\t\t\t\t\t\tCar non, le m\u00e9decin n&rsquo;est pas toujours la meilleure option pour vous. \u00c7a peut vous para\u00eetre \u00e9trange, mais c&rsquo;est vrai!<\/p>\n<p>Avec vous et votre collaboration, nous continuons d&rsquo;am\u00e9liorer un peu l&rsquo;accessibilit\u00e9 \u00e0 des services de sant\u00e9 pertinents pour notre population.<br \/>\n\t\t\t\t\t\t\tUne \u00e9tape de plus pour mieux vous servir, m\u00eame si, pour quelques semaines, \u00e7a continuera de bousculer les habitudes de tous!<\/p>\n<\/p>\n<hr>\n<p id=\"note1\"><em>Info sur la compagnie <a href=\"https:\/\/vitr.ai\/fr\" target=\"_blank\" rel=\"noopener\">Vitr.Ai<\/a> et le logiciel Navig : <a href=\"https:\/\/vitr.ai\/fr\" target=\"_blank\" rel=\"noopener\">https:\/\/vitr.ai\/fr<\/a><\/em><\/p>\n<\/p><\/div>\n<\/p><\/div>\n<p><!-- \/lc-block -->\n\t\t\t<\/div>\n<\/p><\/div>\n<\/p><\/div>\n<\/section>\n","protected":false},"excerpt":{"rendered":"<p>Nouveau fonctionnement \u00e0 la demande du Minist\u00e8re \u00c0 la demande du Minist\u00e8re, nous devons maintenant utiliser le logiciel Navig, de la compagnie Vitr.Ai1, pour r\u00e9pondre aux besoins des patients qui viennent ou appellent dans nos cliniques. Qu&rsquo;est-ce que cela signifie? En gros, les m\u00e9decins ne sont pas les seuls \u00ab\u00a0professionnels de la sant\u00e9\u00a0\u00bb qui peuvent [&hellip;]<\/p>\n","protected":false},"author":1,"featured_media":0,"parent":0,"menu_order":0,"comment_status":"closed","ping_status":"closed","template":"","meta":{"footnotes":"[{\"content\":\"Info sur la compagnie Vitr.Ai et le logiciel Navig : https:\/\/vitr.ai\/fr\",\"id\":\"87d9695f-65a4-4823-84b3-c24de3e0278f\"}]"},"class_list":["post-353","page","type-page","status-publish","hentry"],"_links":{"self":[{"href":"https:\/\/www.cliniquemedicalesaintejulie.ca\/fr\/wp-json\/wp\/v2\/pages\/353","targetHints":{"allow":["GET"]}}],"collection":[{"href":"https:\/\/www.cliniquemedicalesaintejulie.ca\/fr\/wp-json\/wp\/v2\/pages"}],"about":[{"href":"https:\/\/www.cliniquemedicalesaintejulie.ca\/fr\/wp-json\/wp\/v2\/types\/page"}],"author":[{"embeddable":true,"href":"https:\/\/www.cliniquemedicalesaintejulie.ca\/fr\/wp-json\/wp\/v2\/users\/1"}],"replies":[{"embeddable":true,"href":"https:\/\/www.cliniquemedicalesaintejulie.ca\/fr\/wp-json\/wp\/v2\/comments?post=353"}],"version-history":[{"count":8,"href":"https:\/\/www.cliniquemedicalesaintejulie.ca\/fr\/wp-json\/wp\/v2\/pages\/353\/revisions"}],"predecessor-version":[{"id":374,"href":"https:\/\/www.cliniquemedicalesaintejulie.ca\/fr\/wp-json\/wp\/v2\/pages\/353\/revisions\/374"}],"wp:attachment":[{"href":"https:\/\/www.cliniquemedicalesaintejulie.ca\/fr\/wp-json\/wp\/v2\/media?parent=353"}],"curies":[{"name":"wp","href":"https:\/\/api.w.org\/{rel}","templated":true}]}}