{"id":54,"date":"2020-07-31T16:05:47","date_gmt":"2020-07-31T20:05:47","guid":{"rendered":"https:\/\/www.cliniquemedicalesaintejulie.ca\/?page_id=54"},"modified":"2024-06-04T11:47:14","modified_gmt":"2024-06-04T15:47:14","slug":"faq","status":"publish","type":"page","link":"https:\/\/www.cliniquemedicalesaintejulie.ca\/fr\/faq\/","title":{"rendered":"FAQ"},"content":{"rendered":"<section class=\"main-container\">\n<div class=\"container\">\n<div class=\"row\">\n<div class=\"col-md-12\">\n<div class=\"lc-block text-center\">\n<div editable=\"rich\">\n<h1>Foire aux questions<\/h1>\n<\/p><\/div>\n<\/p><\/div>\n<p><!-- \/lc-block --><\/p>\n<div class=\"lc-block\">\n<div lc-helper=\"shortcode\" class=\"live-shortcode\"><div class=\"faq-list\"><div class=\"faq\" id=\"faq-218\"><h3 class=\"faq-question more collapsed\" data-toggle=\"collapse\" data-target=\"#faq-answer-218\" aria-expanded=\"false\" aria-controls=\"faq-answer-218\">Pour obtenir une copie de vos r\u00e9sultats d'imagerie ou de pr\u00e9l\u00e8vements sanguins?<\/h3><div class=\"faq-answer panel-collapse collapse\" id=\"faq-answer-218\"><div class=\"faq-answer-div\"><p><!-- wp:paragraph -->\n<p>Veuillez visiter ce site : <a href=\"https:\/\/carnetsante.gouv.qc.ca\" target=\"_blank\" rel=\"noreferrer noopener\">carnetsante.gouv.qc.ca<\/a><\/p>\n<!-- \/wp:paragraph --><\/p><\/div><\/div><\/div><div class=\"faq\" id=\"faq-217\"><h3 class=\"faq-question more collapsed\" data-toggle=\"collapse\" data-target=\"#faq-answer-217\" aria-expanded=\"false\" aria-controls=\"faq-answer-217\">Comment obtenir un m\u00e9decin de famille?<\/h3><div class=\"faq-answer panel-collapse collapse\" id=\"faq-answer-217\"><div class=\"faq-answer-div\"><p><!-- wp:paragraph -->\n<p>Veuillez visiter ce site : <a rel=\"noreferrer noopener\" href=\"https:\/\/carnetsante.gouv.qc.ca\" target=\"_blank\">carnetsante.gouv.qc.ca<\/a><\/p>\n<!-- \/wp:paragraph --><\/p><\/div><\/div><\/div><\/div><\/div>\n<\/p><\/div>\n<p><!-- \/lc-block -->\n\t\t\t<\/div>\n<p><!-- \/col -->\n\t\t<\/div>\n<\/p><\/div>\n<\/section>\n","protected":false},"excerpt":{"rendered":"<p>Foire aux questions<\/p>\n","protected":false},"author":1,"featured_media":0,"parent":0,"menu_order":0,"comment_status":"closed","ping_status":"closed","template":"","meta":{"footnotes":""},"class_list":["post-54","page","type-page","status-publish","hentry"],"_links":{"self":[{"href":"https:\/\/www.cliniquemedicalesaintejulie.ca\/fr\/wp-json\/wp\/v2\/pages\/54","targetHints":{"allow":["GET"]}}],"collection":[{"href":"https:\/\/www.cliniquemedicalesaintejulie.ca\/fr\/wp-json\/wp\/v2\/pages"}],"about":[{"href":"https:\/\/www.cliniquemedicalesaintejulie.ca\/fr\/wp-json\/wp\/v2\/types\/page"}],"author":[{"embeddable":true,"href":"https:\/\/www.cliniquemedicalesaintejulie.ca\/fr\/wp-json\/wp\/v2\/users\/1"}],"replies":[{"embeddable":true,"href":"https:\/\/www.cliniquemedicalesaintejulie.ca\/fr\/wp-json\/wp\/v2\/comments?post=54"}],"version-history":[{"count":3,"href":"https:\/\/www.cliniquemedicalesaintejulie.ca\/fr\/wp-json\/wp\/v2\/pages\/54\/revisions"}],"predecessor-version":[{"id":317,"href":"https:\/\/www.cliniquemedicalesaintejulie.ca\/fr\/wp-json\/wp\/v2\/pages\/54\/revisions\/317"}],"wp:attachment":[{"href":"https:\/\/www.cliniquemedicalesaintejulie.ca\/fr\/wp-json\/wp\/v2\/media?parent=54"}],"curies":[{"name":"wp","href":"https:\/\/api.w.org\/{rel}","templated":true}]}}