{"id":69,"date":"2020-07-31T16:16:22","date_gmt":"2020-07-31T20:16:22","guid":{"rendered":"https:\/\/www.cliniquemedicalesaintejulie.ca\/?page_id=69"},"modified":"2026-04-24T15:35:10","modified_gmt":"2026-04-24T19:35:10","slug":"rendez-vous","status":"publish","type":"page","link":"https:\/\/www.cliniquemedicalesaintejulie.ca\/fr\/rendez-vous\/","title":{"rendered":"Prendre rendez-vous"},"content":{"rendered":"\n<h4 class=\"wp-block-heading\">Tous les jours \u00e0 9H00, vous pouvez voir s&rsquo;il y a des nouvelles disponibilit\u00e9s de rendez-vous avec votre m\u00e9decin.<\/h4>\n\n\n\n<p><strong>2 options :<\/strong><\/p>\n\n\n\n<ul class=\"wp-block-list\">\n<li><strong>Avec votre m\u00e9decin de famille :<\/strong>\n<ul class=\"wp-block-list\">\n<li><a href=\"https:\/\/rvsq.gouv.qc.ca\/accueil\/index.html\" target=\"_blank\" rel=\"noreferrer noopener\">Dr Michel Barry<\/a><\/li>\n\n\n\n<li><a href=\"https:\/\/rvsq.gouv.qc.ca\/accueil\/index.html\" target=\"_blank\" rel=\"noreferrer noopener\">Dre Liliane Desgroseilliers<\/a> (Enfant 0-17 ans: choisir la raison de consultation pour un suivi d&rsquo;un enfant 0-5 ans)<\/li>\n\n\n\n<li><a href=\"https:\/\/rvsq.gouv.qc.ca\/accueil\/index.html\" target=\"_blank\" rel=\"noopener\">Dr Patrick Lachapelle<\/a> (Enfant 0-17 ans: choisir la raison de consultation pour un suivi d&rsquo;un enfant 0-5 ans)<\/li>\n\n\n\n<li><a href=\"https:\/\/rvsq.gouv.qc.ca\/accueil\/index.html\" target=\"_blank\" rel=\"noreferrer noopener\">Dre Maude L\u00e9tourneau<\/a>&nbsp;(Enfant 0-12 ans: choisir la raison de consultation pour un suivi d&rsquo;un enfant 0-5 ans)<\/li>\n\n\n\n<li><a href=\"https:\/\/rvsq.gouv.qc.ca\/accueil\/index.html\" target=\"_blank\" rel=\"noreferrer noopener\">Dre Catherine Langlois<\/a>&nbsp;(Enfant 0-12 ans: choisir la raison de consultation pour un suivi d&rsquo;un enfant 0-5 ans)<\/li>\n\n\n\n<li><a href=\"https:\/\/rvsq.gouv.qc.ca\/accueil\/index.html\" target=\"_blank\" rel=\"noreferrer noopener\">Dre Marie-Christine H\u00e9bert<\/a>&nbsp;(Enfant 0-12 ans: choisir la raison de consultation pour un suivi d&rsquo;un enfant 0-5 ans)<\/li>\n\n\n\n<li><a href=\"https:\/\/rvsq.gouv.qc.ca\/accueil\/index.html\" target=\"_blank\" rel=\"noreferrer noopener\">Dre Catherine Lachapelle-Jacques<\/a>&nbsp;(Cong\u00e9 de maternit\u00e9 jusqu\u2019\u00e0 l\u2019automne 2026)<\/li>\n\n\n\n<li><a href=\"https:\/\/rvsq.gouv.qc.ca\/accueil\/index.html\" target=\"_blank\" rel=\"noreferrer noopener\">Dre Chantal Laroche<\/a><\/li>\n\n\n\n<li><a href=\"https:\/\/rvsq.gouv.qc.ca\/accueil\/index.html\" target=\"_blank\" rel=\"noreferrer noopener\">Dre Kim L\u00e9vesque<\/a>&nbsp;(Enfant 0-17 ans: choisir la raison de consultation pour un suivi d&rsquo;un enfant 0-5 ans)<\/li>\n\n\n\n<li><a href=\"https:\/\/rvsq.gouv.qc.ca\/accueil\/index.html\" target=\"_blank\" rel=\"noreferrer noopener\">Dr Martin Plante<\/a>&nbsp;Pour prendre tous types de rendez-vous: Choisir la raison de consultation \u00ab\u00a0Consultation Urgente\u00a0\u00bb. (Enfant 0-12 ans: choisir la raison de consultation pour un suivi d&rsquo;un enfant 0-5 ans)<\/li>\n\n\n\n<li><a href=\"https:\/\/rvsq.gouv.qc.ca\/accueil\/index.html\" target=\"_blank\" rel=\"noreferrer noopener\">Dr Ghatfan Shaaban Kabakibo<\/a><\/li>\n\n\n\n<li><a href=\"https:\/\/rvsq.gouv.qc.ca\/accueil\/index.html\" target=\"_blank\" rel=\"noreferrer noopener\">Dre Cynthia St-Onge<\/a>&nbsp;(Enfant 0-5 ans: choisir la raison de consultation pour un suivi d&rsquo;un enfant 0-5 ans)<\/li>\n\n\n\n<li><a href=\"https:\/\/rvsq.gouv.qc.ca\/accueil\/index.html\" target=\"_blank\" rel=\"noreferrer noopener\">Dr Fran\u00e7ois Tremblay<\/a><\/li>\n\n\n\n<li><a href=\"https:\/\/rvsq.gouv.qc.ca\/accueil\/index.html\" target=\"_blank\" rel=\"noreferrer noopener\">Dre Caroline Tulin<\/a><\/li>\n\n\n\n<li>Nous joindre : (450) 649-1593<\/li>\n<\/ul>\n<\/li>\n\n\n\n<li><strong>\u00c0 la Clinique d&rsquo;urgence :<\/strong>\n<ul class=\"wp-block-list\">\n<li><strong>Pour les patients inscrits au GMF Sainte-Julie:<\/strong>\n<ul class=\"wp-block-list\">\n<li>Vous devez prendre rendez-vous \u00e0 partir de 15h00 la veille en cliquant&nbsp;<a href=\"https:\/\/rvsq.gouv.qc.ca\/accueil\/index.html\" target=\"_blank\" rel=\"noopener\">ici<\/a>.<\/li>\n<\/ul>\n<\/li>\n\n\n\n<li><strong>Pour les patients orphelins, sans m\u00e9decin de famille:<\/strong>\n<ul class=\"wp-block-list\">\n<li>Vous devez appeler au GACO du lundi au vendredi entre 8h00 et 16h00 au 1-888-441-4748.<br><\/li>\n<\/ul>\n<\/li>\n<\/ul>\n<\/li>\n<\/ul>\n","protected":false},"excerpt":{"rendered":"<p>Tous les jours \u00e0 9H00, vous pouvez voir s&rsquo;il y a des nouvelles disponibilit\u00e9s de rendez-vous avec votre m\u00e9decin. 2 options :<\/p>\n","protected":false},"author":1,"featured_media":0,"parent":0,"menu_order":0,"comment_status":"closed","ping_status":"closed","template":"page-templates\/appointment.php","meta":{"footnotes":""},"class_list":["post-69","page","type-page","status-publish","hentry"],"_links":{"self":[{"href":"https:\/\/www.cliniquemedicalesaintejulie.ca\/fr\/wp-json\/wp\/v2\/pages\/69","targetHints":{"allow":["GET"]}}],"collection":[{"href":"https:\/\/www.cliniquemedicalesaintejulie.ca\/fr\/wp-json\/wp\/v2\/pages"}],"about":[{"href":"https:\/\/www.cliniquemedicalesaintejulie.ca\/fr\/wp-json\/wp\/v2\/types\/page"}],"author":[{"embeddable":true,"href":"https:\/\/www.cliniquemedicalesaintejulie.ca\/fr\/wp-json\/wp\/v2\/users\/1"}],"replies":[{"embeddable":true,"href":"https:\/\/www.cliniquemedicalesaintejulie.ca\/fr\/wp-json\/wp\/v2\/comments?post=69"}],"version-history":[{"count":5,"href":"https:\/\/www.cliniquemedicalesaintejulie.ca\/fr\/wp-json\/wp\/v2\/pages\/69\/revisions"}],"predecessor-version":[{"id":376,"href":"https:\/\/www.cliniquemedicalesaintejulie.ca\/fr\/wp-json\/wp\/v2\/pages\/69\/revisions\/376"}],"wp:attachment":[{"href":"https:\/\/www.cliniquemedicalesaintejulie.ca\/fr\/wp-json\/wp\/v2\/media?parent=69"}],"curies":[{"name":"wp","href":"https:\/\/api.w.org\/{rel}","templated":true}]}}